{"id":39,"date":"2021-04-11T10:59:59","date_gmt":"2021-04-11T08:59:59","guid":{"rendered":"https:\/\/reformasjavea.com\/?page_id=39"},"modified":"2024-02-12T14:03:38","modified_gmt":"2024-02-12T13:03:38","slug":"a-propos-de","status":"publish","type":"page","link":"https:\/\/reformasjavea.com\/fr\/acerca-de\/","title":{"rendered":"A propos de"},"content":{"rendered":"<div data-elementor-type=\"wp-page\" data-elementor-id=\"39\" class=\"elementor elementor-39\" data-elementor-post-type=\"page\">\n\t\t\t\t\t\t<section class=\"elementor-section elementor-top-section elementor-element elementor-element-bcd6f71 elementor-section-boxed elementor-section-height-default elementor-section-height-default\" data-id=\"bcd6f71\" data-element_type=\"section\" data-e-type=\"section\">\n\t\t\t\t\t\t<div class=\"elementor-container elementor-column-gap-default\">\n\t\t\t\t\t<div class=\"elementor-column elementor-col-100 elementor-top-column elementor-element elementor-element-b82c44c\" data-id=\"b82c44c\" data-element_type=\"column\" data-e-type=\"column\">\n\t\t\t<div class=\"elementor-widget-wrap elementor-element-populated\">\n\t\t\t\t\t\t<div class=\"elementor-element elementor-element-b33d8b6 elementor-widget elementor-widget-heading\" data-id=\"b33d8b6\" data-element_type=\"widget\" data-e-type=\"widget\" data-widget_type=\"heading.default\">\n\t\t\t\t<div class=\"elementor-widget-container\">\n\t\t\t\t\t<h1 class=\"elementor-heading-title elementor-size-default\">Nous<\/h1>\t\t\t\t<\/div>\n\t\t\t\t<\/div>\n\t\t\t\t<div class=\"elementor-element elementor-element-7a68e78 elementor-widget elementor-widget-text-editor\" data-id=\"7a68e78\" data-element_type=\"widget\" data-e-type=\"widget\" data-widget_type=\"text-editor.default\">\n\t\t\t\t<div class=\"elementor-widget-container\">\n\t\t\t\t\t\t\t\t\t<p>Chez ReforX\u00e1bia, nous proposons une large gamme de services de r\u00e9novation et d'extension de l'habitat pour faire de votre espace de vie un meilleur endroit pour vous d\u00e9tendre avec vos proches.<\/p>\n<p>Ne ratez pas l'occasion que nous avons de travailler pour vous, d'\u00eatre convaincu de votre d\u00e9cision, d'avoir la certitude que votre r\u00e9forme sera parfaite et que le r\u00e9sultat final sera satisfaisant. Pour nous, votre satisfaction est la chose la plus importante. Nos clients nous recommandent \u00e0 leurs amis.<\/p>\n<p>Nos services sont con\u00e7us pour donner \u00e0 votre maison une apparence \u00e9l\u00e9gante et am\u00e9lior\u00e9e.&nbsp;<\/p>\n<p>Notre relation \u00e9troite avec la r\u00e9forme \u00e0 r\u00e9aliser et ses promoteurs d\u00e9termine notre fa\u00e7on de travailler, en cherchant toujours \u00e0 optimiser les ressources, les espaces et les priorit\u00e9s du client, en l'accompagnant et en le conseillant \u00e0 chaque \u00e9tape du processus gr\u00e2ce \u00e0 une communication constante.<\/p>\n<p>Nous inspectons les imperfections et les r\u00e9parons correctement. Nous ne compromettrons jamais votre s\u00e9curit\u00e9 et ferons tout ce qui est en notre pouvoir pour ajouter de la valeur \u00e0 votre investissement dans la r\u00e9novation ou l'extension de votre maison.<\/p>\n<p>Nous avons plus de 20 ans d'exp\u00e9rience dans la r\u00e9novation de maisons. Nous sommes sp\u00e9cialis\u00e9s dans la prise en compte de vos pr\u00e9occupations en utilisant nos d\u00e9cennies d'exp\u00e9rience et de connaissances pour r\u00e9nover vos espaces.<\/p>\n<p>Nos services personnalis\u00e9s r\u00e9pondront \u00e0 vos attentes et \u00e0 votre budget. Pour nous, vous et vos attentes sont la chose la plus importante. Cela signifie que vous aimerez certainement le processus et appr\u00e9cierez le r\u00e9sultat.<\/p>\n<p>Nos sp\u00e9cialistes vous livreront une maison enti\u00e8rement r\u00e9nov\u00e9e.<\/p>\n<p><\/p>\t\t\t\t\t\t\t\t<\/div>\n\t\t\t\t<\/div>\n\t\t\t\t\t<\/div>\n\t\t<\/div>\n\t\t\t\t\t<\/div>\n\t\t<\/section>\n\t\t\t\t<\/div>","protected":false},"excerpt":{"rendered":"<p>Nosotros En ReforX\u00e1bia ofrecemos una amplia gama de servicios de renovaci\u00f3n y ampliaci\u00f3n de viviendas para hacer de su espacio vital un lugar mejor para relajarse con sus seres queridos. No pierdas la oportunidad de que trabajemos para ti, sientete convencido con tu decision, tranquilo de que tu reforma va a quedar perfecta y con [&hellip;]<\/p>\n","protected":false},"author":3,"featured_media":0,"parent":0,"menu_order":0,"comment_status":"closed","ping_status":"closed","template":"","meta":{"_monsterinsights_skip_tracking":false,"_monsterinsights_sitenote_active":false,"_monsterinsights_sitenote_note":"","_monsterinsights_sitenote_category":0,"site-sidebar-layout":"no-sidebar","site-content-layout":"page-builder","ast-site-content-layout":"default","site-content-style":"default","site-sidebar-style":"default","ast-global-header-display":"","ast-banner-title-visibility":"","ast-main-header-display":"","ast-hfb-above-header-display":"","ast-hfb-below-header-display":"","ast-hfb-mobile-header-display":"","site-post-title":"disabled","ast-breadcrumbs-content":"","ast-featured-img":"disabled","footer-sml-layout":"","ast-disable-related-posts":"","theme-transparent-header-meta":"default","adv-header-id-meta":"","stick-header-meta":"","header-above-stick-meta":"","header-main-stick-meta":"","header-below-stick-meta":"","astra-migrate-meta-layouts":"default","ast-page-background-enabled":"default","ast-page-background-meta":{"desktop":{"background-color":"","background-image":"","background-repeat":"repeat","background-position":"center center","background-size":"auto","background-attachment":"scroll","background-type":"","background-media":"","overlay-type":"","overlay-color":"","overlay-opacity":"","overlay-gradient":""},"tablet":{"background-color":"","background-image":"","background-repeat":"repeat","background-position":"center center","background-size":"auto","background-attachment":"scroll","background-type":"","background-media":"","overlay-type":"","overlay-color":"","overlay-opacity":"","overlay-gradient":""},"mobile":{"background-color":"","background-image":"","background-repeat":"repeat","background-position":"center center","background-size":"auto","background-attachment":"scroll","background-type":"","background-media":"","overlay-type":"","overlay-color":"","overlay-opacity":"","overlay-gradient":""}},"ast-content-background-meta":{"desktop":{"background-color":"var(--ast-global-color-5)","background-image":"","background-repeat":"repeat","background-position":"center center","background-size":"auto","background-attachment":"scroll","background-type":"","background-media":"","overlay-type":"","overlay-color":"","overlay-opacity":"","overlay-gradient":""},"tablet":{"background-color":"var(--ast-global-color-5)","background-image":"","background-repeat":"repeat","background-position":"center center","background-size":"auto","background-attachment":"scroll","background-type":"","background-media":"","overlay-type":"","overlay-color":"","overlay-opacity":"","overlay-gradient":""},"mobile":{"background-color":"var(--ast-global-color-5)","background-image":"","background-repeat":"repeat","background-position":"center center","background-size":"auto","background-attachment":"scroll","background-type":"","background-media":"","overlay-type":"","overlay-color":"","overlay-opacity":"","overlay-gradient":""}},"footnotes":""},"class_list":["post-39","page","type-page","status-publish","hentry"],"yoast_head":"<!-- This site is optimized with the Yoast SEO Premium plugin v27.1 (Yoast SEO v27.5) - https:\/\/yoast.com\/product\/yoast-seo-premium-wordpress\/ -->\n<title>\u25b7 Reformas J\u00e1vea - Acerca de<\/title>\n<meta name=\"robots\" content=\"index, follow, max-snippet:-1, max-image-preview:large, max-video-preview:-1\" \/>\n<link rel=\"canonical\" href=\"https:\/\/reformasjavea.com\/fr\/a-propos-de\/\" \/>\n<meta property=\"og:locale\" content=\"fr_FR\" \/>\n<meta property=\"og:type\" content=\"article\" \/>\n<meta property=\"og:title\" content=\"\u25b7 Reformas J\u00e1vea - Acerca de\" \/>\n<meta property=\"og:description\" content=\"Nosotros En ReforX\u00e1bia ofrecemos una amplia gama de servicios de renovaci\u00f3n y ampliaci\u00f3n de viviendas para hacer de su espacio vital un lugar mejor para relajarse con sus seres queridos. No pierdas la oportunidad de que trabajemos para ti, sientete convencido con tu decision, tranquilo de que tu reforma va a quedar perfecta y con [&hellip;]\" \/>\n<meta property=\"og:url\" content=\"https:\/\/reformasjavea.com\/fr\/a-propos-de\/\" \/>\n<meta property=\"og:site_name\" content=\"Reforxabia | Construccion y Reformas en Javea\" \/>\n<meta property=\"article:publisher\" content=\"https:\/\/www.facebook.com\/reforxabia\" \/>\n<meta property=\"article:modified_time\" content=\"2024-02-12T13:03:38+00:00\" \/>\n<meta property=\"og:image\" content=\"https:\/\/reformasjavea.com\/wp-content\/uploads\/2021\/10\/reforma-terraza-piscina-javea-1.jpg\" \/>\n\t<meta property=\"og:image:width\" content=\"550\" \/>\n\t<meta property=\"og:image:height\" content=\"336\" \/>\n\t<meta property=\"og:image:type\" content=\"image\/jpeg\" \/>\n<meta name=\"twitter:card\" content=\"summary_large_image\" \/>\n<meta name=\"twitter:label1\" content=\"Dur\u00e9e de lecture estim\u00e9e\" \/>\n\t<meta name=\"twitter:data1\" content=\"2 minutes\" \/>\n<script type=\"application\/ld+json\" class=\"yoast-schema-graph\">{\"@context\":\"https:\\\/\\\/schema.org\",\"@graph\":[{\"@type\":\"WebPage\",\"@id\":\"https:\\\/\\\/reformasjavea.com\\\/acerca-de\\\/\",\"url\":\"https:\\\/\\\/reformasjavea.com\\\/acerca-de\\\/\",\"name\":\"\u25b7 Reformas J\u00e1vea - Acerca de\",\"isPartOf\":{\"@id\":\"https:\\\/\\\/reformasjavea.com\\\/#website\"},\"datePublished\":\"2021-04-11T08:59:59+00:00\",\"dateModified\":\"2024-02-12T13:03:38+00:00\",\"breadcrumb\":{\"@id\":\"https:\\\/\\\/reformasjavea.com\\\/acerca-de\\\/#breadcrumb\"},\"inLanguage\":\"fr-FR\",\"potentialAction\":[{\"@type\":\"ReadAction\",\"target\":[\"https:\\\/\\\/reformasjavea.com\\\/acerca-de\\\/\"]}]},{\"@type\":\"BreadcrumbList\",\"@id\":\"https:\\\/\\\/reformasjavea.com\\\/acerca-de\\\/#breadcrumb\",\"itemListElement\":[{\"@type\":\"ListItem\",\"position\":1,\"name\":\"Portada\",\"item\":\"https:\\\/\\\/reformasjavea.com\\\/\"},{\"@type\":\"ListItem\",\"position\":2,\"name\":\"Acerca de\"}]},{\"@type\":\"WebSite\",\"@id\":\"https:\\\/\\\/reformasjavea.com\\\/#website\",\"url\":\"https:\\\/\\\/reformasjavea.com\\\/\",\"name\":\"Reforxabia | Construccion y Reformas en Javea\",\"description\":\"Reformas y obra nueva en J\u00e1vea y Costa Blanca\",\"publisher\":{\"@id\":\"https:\\\/\\\/reformasjavea.com\\\/#organization\"},\"potentialAction\":[{\"@type\":\"SearchAction\",\"target\":{\"@type\":\"EntryPoint\",\"urlTemplate\":\"https:\\\/\\\/reformasjavea.com\\\/?s={search_term_string}\"},\"query-input\":{\"@type\":\"PropertyValueSpecification\",\"valueRequired\":true,\"valueName\":\"search_term_string\"}}],\"inLanguage\":\"fr-FR\"},{\"@type\":\"Organization\",\"@id\":\"https:\\\/\\\/reformasjavea.com\\\/#organization\",\"name\":\"Reforxabia\",\"url\":\"https:\\\/\\\/reformasjavea.com\\\/\",\"logo\":{\"@type\":\"ImageObject\",\"inLanguage\":\"fr-FR\",\"@id\":\"https:\\\/\\\/reformasjavea.com\\\/#\\\/schema\\\/logo\\\/image\\\/\",\"url\":\"https:\\\/\\\/reformasjavea.com\\\/wp-content\\\/uploads\\\/2024\\\/02\\\/logo_jpg_1.png\",\"contentUrl\":\"https:\\\/\\\/reformasjavea.com\\\/wp-content\\\/uploads\\\/2024\\\/02\\\/logo_jpg_1.png\",\"width\":1366,\"height\":1352,\"caption\":\"Reforxabia\"},\"image\":{\"@id\":\"https:\\\/\\\/reformasjavea.com\\\/#\\\/schema\\\/logo\\\/image\\\/\"},\"sameAs\":[\"https:\\\/\\\/www.facebook.com\\\/reforxabia\",\"https:\\\/\\\/www.instagram.com\\\/reforxabia\\\/\"]}]}<\/script>\n<!-- \/ Yoast SEO Premium plugin. -->","yoast_head_json":{"title":"\u25b7 R\u00e9formes J\u00e1vea - Qui sommes-nous ?","robots":{"index":"index","follow":"follow","max-snippet":"max-snippet:-1","max-image-preview":"max-image-preview:large","max-video-preview":"max-video-preview:-1"},"canonical":"https:\/\/reformasjavea.com\/fr\/a-propos-de\/","og_locale":"fr_FR","og_type":"article","og_title":"\u25b7 Reformas J\u00e1vea - Acerca de","og_description":"Nosotros En ReforX\u00e1bia ofrecemos una amplia gama de servicios de renovaci\u00f3n y ampliaci\u00f3n de viviendas para hacer de su espacio vital un lugar mejor para relajarse con sus seres queridos. No pierdas la oportunidad de que trabajemos para ti, sientete convencido con tu decision, tranquilo de que tu reforma va a quedar perfecta y con [&hellip;]","og_url":"https:\/\/reformasjavea.com\/fr\/a-propos-de\/","og_site_name":"Reforxabia | Construccion y Reformas en Javea","article_publisher":"https:\/\/www.facebook.com\/reforxabia","article_modified_time":"2024-02-12T13:03:38+00:00","og_image":[{"width":550,"height":336,"url":"https:\/\/reformasjavea.com\/wp-content\/uploads\/2021\/10\/reforma-terraza-piscina-javea-1.jpg","type":"image\/jpeg"}],"twitter_card":"summary_large_image","twitter_misc":{"Dur\u00e9e de lecture estim\u00e9e":"2 minutes"},"schema":{"@context":"https:\/\/schema.org","@graph":[{"@type":"WebPage","@id":"https:\/\/reformasjavea.com\/acerca-de\/","url":"https:\/\/reformasjavea.com\/acerca-de\/","name":"\u25b7 R\u00e9formes J\u00e1vea - Qui sommes-nous ?","isPartOf":{"@id":"https:\/\/reformasjavea.com\/#website"},"datePublished":"2021-04-11T08:59:59+00:00","dateModified":"2024-02-12T13:03:38+00:00","breadcrumb":{"@id":"https:\/\/reformasjavea.com\/acerca-de\/#breadcrumb"},"inLanguage":"fr-FR","potentialAction":[{"@type":"ReadAction","target":["https:\/\/reformasjavea.com\/acerca-de\/"]}]},{"@type":"BreadcrumbList","@id":"https:\/\/reformasjavea.com\/acerca-de\/#breadcrumb","itemListElement":[{"@type":"ListItem","position":1,"name":"Portada","item":"https:\/\/reformasjavea.com\/"},{"@type":"ListItem","position":2,"name":"Acerca de"}]},{"@type":"WebSite","@id":"https:\/\/reformasjavea.com\/#website","url":"https:\/\/reformasjavea.com\/","name":"Reforxabia | Construction et r\u00e9formes \u00e0 Javea","description":"R\u00e9formes et nouvelles constructions \u00e0 J\u00e1vea et sur la Costa Blanca","publisher":{"@id":"https:\/\/reformasjavea.com\/#organization"},"potentialAction":[{"@type":"SearchAction","target":{"@type":"EntryPoint","urlTemplate":"https:\/\/reformasjavea.com\/?s={search_term_string}"},"query-input":{"@type":"PropertyValueSpecification","valueRequired":true,"valueName":"search_term_string"}}],"inLanguage":"fr-FR"},{"@type":"Organization","@id":"https:\/\/reformasjavea.com\/#organization","name":"Reforxabia","url":"https:\/\/reformasjavea.com\/","logo":{"@type":"ImageObject","inLanguage":"fr-FR","@id":"https:\/\/reformasjavea.com\/#\/schema\/logo\/image\/","url":"https:\/\/reformasjavea.com\/wp-content\/uploads\/2024\/02\/logo_jpg_1.png","contentUrl":"https:\/\/reformasjavea.com\/wp-content\/uploads\/2024\/02\/logo_jpg_1.png","width":1366,"height":1352,"caption":"Reforxabia"},"image":{"@id":"https:\/\/reformasjavea.com\/#\/schema\/logo\/image\/"},"sameAs":["https:\/\/www.facebook.com\/reforxabia","https:\/\/www.instagram.com\/reforxabia\/"]}]}},"_links":{"self":[{"href":"https:\/\/reformasjavea.com\/fr\/wp-json\/wp\/v2\/pages\/39","targetHints":{"allow":["GET"]}}],"collection":[{"href":"https:\/\/reformasjavea.com\/fr\/wp-json\/wp\/v2\/pages"}],"about":[{"href":"https:\/\/reformasjavea.com\/fr\/wp-json\/wp\/v2\/types\/page"}],"author":[{"embeddable":true,"href":"https:\/\/reformasjavea.com\/fr\/wp-json\/wp\/v2\/users\/3"}],"replies":[{"embeddable":true,"href":"https:\/\/reformasjavea.com\/fr\/wp-json\/wp\/v2\/comments?post=39"}],"version-history":[{"count":17,"href":"https:\/\/reformasjavea.com\/fr\/wp-json\/wp\/v2\/pages\/39\/revisions"}],"predecessor-version":[{"id":1328,"href":"https:\/\/reformasjavea.com\/fr\/wp-json\/wp\/v2\/pages\/39\/revisions\/1328"}],"wp:attachment":[{"href":"https:\/\/reformasjavea.com\/fr\/wp-json\/wp\/v2\/media?parent=39"}],"curies":[{"name":"wp","href":"https:\/\/api.w.org\/{rel}","templated":true}]}}